{"id":85,"date":"2022-06-07T21:16:06","date_gmt":"2022-06-07T19:16:06","guid":{"rendered":"http:\/\/homesandminds.com\/?page_id=85"},"modified":"2025-09-27T22:49:40","modified_gmt":"2025-09-27T20:49:40","slug":"about-me","status":"publish","type":"page","link":"https:\/\/homesandminds.com\/gb\/about-me\/","title":{"rendered":""},"content":{"rendered":"<div id=\"pl-gb85-69e3885835b74\"  class=\"panel-layout wp-block-siteorigin-panels-layout-block\" ><div id=\"pg-gb85-69e3885835b74-0\"  class=\"panel-grid panel-no-style\" ><div id=\"pgc-gb85-69e3885835b74-0-0\"  class=\"panel-grid-cell\" ><div id=\"panel-gb85-69e3885835b74-0-0-0\" class=\"so-panel widget widget_headline-widget panel-first-child\" data-index=\"0\" >\t\t<h1>\u00fcber mich und mein kreatives Chaos<\/h1>\n\t\t<div class=\"decoration\"><div class=\"decoration-inside\"><\/div><\/div>\n\t\t<h3><\/h3>\n\t\t<\/div><div id=\"panel-gb85-69e3885835b74-0-0-1\" class=\"so-panel widget widget_sow-editor panel-last-child\" data-index=\"1\" ><div\n\t\t\t\n\t\t\tclass=\"so-widget-sow-editor so-widget-sow-editor-base\"\n\t\t\t\n\t\t>\n<div class=\"siteorigin-widget-tinymce textwidget\">\n\t<hr \/>\n<p class=\"cvGsUA direction-ltr align-start para-style-body\"><span class=\"a_GcMg font-feature-liga-off font-feature-clig-off font-feature-calt-off text-decoration-none text-strikethrough-none\">Mein Name ist Sandi Rogler,<\/span><\/p>\n<p class=\"cvGsUA direction-ltr align-start para-style-body\"><span class=\"a_GcMg font-feature-liga-off font-feature-clig-off font-feature-calt-off text-decoration-none text-strikethrough-none\">W\u00e4hrend meiner 26-j\u00e4hrigen Selbst\u00e4ndigkeit als Bekleidungstechnikerin, Schnittmacherin und Textil-Designerin habe ich viel gesehen, viel erlebt und vor allem internationale und multikulturelle Erfahrungen machen d\u00fcrfen. <\/span><\/p>\n<p class=\"cvGsUA direction-ltr align-start para-style-body\"><span class=\"a_GcMg font-feature-liga-off font-feature-clig-off font-feature-calt-off text-decoration-none text-strikethrough-none\">Als freiberufliche Dozentin f\u00fcr Textildesign und Trainerin f\u00fcr therapeutisches Handarbeiten entdeckte ich mein Interesse an der Verbindung zwischen Umwelt und psychischem Wohlbefinden. Ich erkannte die positive Wirkung von Texturen, Farben und Materialien auf unseren Geist sowie den enormen Einfluss, den die Gestaltung unserer Umgebung auf unsere Psyche und mentale Gesundheit aus\u00fcbt.<\/span><\/p>\n<\/div>\n<\/div><\/div><\/div><\/div><div id=\"pg-gb85-69e3885835b74-1\"  class=\"panel-grid panel-no-style\" ><div id=\"pgc-gb85-69e3885835b74-1-0\"  class=\"panel-grid-cell\" ><div id=\"panel-gb85-69e3885835b74-1-0-0\" class=\"so-panel widget widget_headline-widget panel-first-child panel-last-child\" data-index=\"2\" >\t\t<h1>Do whatever makes you happy ~ I do \u2013 and I always did !!<\/h1>\n\t\t<div class=\"decoration\"><div class=\"decoration-inside\"><\/div><\/div>\n\t\t<h3><\/h3>\n\t\t<\/div><\/div><\/div><div id=\"pg-gb85-69e3885835b74-2\"  class=\"panel-grid panel-no-style\" ><div id=\"pgc-gb85-69e3885835b74-2-0\"  class=\"panel-grid-cell\" ><div id=\"panel-gb85-69e3885835b74-2-0-0\" class=\"so-panel widget widget_sow-editor panel-first-child panel-last-child\" data-index=\"3\" ><div\n\t\t\t\n\t\t\tclass=\"so-widget-sow-editor so-widget-sow-editor-base\"\n\t\t\t\n\t\t>\n<div class=\"siteorigin-widget-tinymce textwidget\">\n\t<hr \/>\n<p class=\"cvGsUA direction-ltr align-start para-style-body\"><span class=\"a_GcMg font-feature-liga-off font-feature-clig-off font-feature-calt-off text-decoration-none text-strikethrough-none\">Um mein Wissen zu erweitern, absolvierte ich eine Ausbildung zur Heilpraktikerin f\u00fcr Psychotherapie (Arche Medica, Berlin) <\/span><\/p>\n<p class=\"cvGsUA direction-ltr align-start para-style-body\"><span class=\"a_GcMg font-feature-liga-off font-feature-clig-off font-feature-calt-off text-decoration-none text-strikethrough-none\">und eine Weiterbildung in Acceptance &amp; Commitment-Therapy (Russ Harris). <\/span><\/p>\n<p class=\"cvGsUA direction-ltr align-start para-style-body\"><span class=\"a_GcMg font-feature-liga-off font-feature-clig-off font-feature-calt-off text-decoration-none text-strikethrough-none\">Diese neue Welt f\u00fchrte mich zur Wohnpsychologie und verband meine Leidenschaft f\u00fcr Design mit meiner Faszination f\u00fcr psychische Gesundheit.<\/span><\/p>\n<p class=\"cvGsUA direction-ltr align-start para-style-body\"><span class=\"a_GcMg font-feature-liga-off font-feature-clig-off font-feature-calt-off text-decoration-none text-strikethrough-none\">Inspiriert von diesen Erkenntnissen entschloss ich mich, ein Interior Design Studium (Diploma) am Interior Design Institute in Sydney, Australien, zu machen. <\/span><\/p>\n<p class=\"cvGsUA direction-ltr align-start para-style-body\"><span class=\"a_GcMg font-feature-liga-off font-feature-clig-off font-feature-calt-off text-decoration-none text-strikethrough-none\">Dort entdeckte ich das Konzept der Biophilie \u2013 die nat\u00fcrliche Verbindung des Menschen zur Natur \u2013 und wie es R\u00e4ume in Oasen des Friedens und des Wohlbefindens verwandelt&#8230;.ich verstand auch wie Achtsamkeit, Multisensorik und Raumgestaltung eine Einheit bilden k\u00f6nnen.<\/span><\/p>\n<p class=\"cvGsUA direction-ltr align-start para-style-body\"><span class=\"a_GcMg font-feature-liga-off font-feature-clig-off font-feature-calt-off text-decoration-none text-strikethrough-none\">Das war das i-T\u00fcpfelchen und sowohl das Ziel als auch der Beginn von &#8216;HOMES &amp; MINDS Wellbeing &#8216; und &#8216;SANDi ROGLER Interiors&#8217;.<\/span><\/p>\n<\/div>\n<\/div><\/div><\/div><div id=\"pgc-gb85-69e3885835b74-2-1\"  class=\"panel-grid-cell\" ><div id=\"panel-gb85-69e3885835b74-2-1-0\" class=\"so-panel widget widget_sow-image panel-first-child panel-last-child\" data-index=\"4\" ><div\n\t\t\t\n\t\t\tclass=\"so-widget-sow-image so-widget-sow-image-default-8b5b6f678277-85\"\n\t\t\t data-overlay-enabled=\"1\" data-overlay-settings=\"{&quot;enabled_for_widgets&quot;:[&quot;sow-image&quot;,&quot;sow-image-grid&quot;,&quot;sow-simple-masonry&quot;],&quot;theme&quot;:&quot;&quot;,&quot;show_delay&quot;:300,&quot;overlay_color&quot;:&quot;#000000&quot;,&quot;overlay_opacity&quot;:0.8,&quot;overlay_position&quot;:&quot;bottom&quot;,&quot;overlay_size&quot;:0.3,&quot;desktop_show_trigger&quot;:&quot;hover&quot;,&quot;touch_show_trigger&quot;:&quot;touch&quot;,&quot;responsive_breakpoint&quot;:&quot;1024px&quot;,&quot;responsive_breakpoint_unit&quot;:&quot;px&quot;,&quot;overlay_animation&quot;:&quot;fade&quot;,&quot;overlay_animation_onscreen&quot;:false,&quot;font_family&quot;:&quot;&quot;,&quot;text_size&quot;:&quot;15px&quot;,&quot;text_size_unit&quot;:&quot;px&quot;,&quot;text_color&quot;:&quot;#fff&quot;,&quot;text_padding&quot;:&quot;22px 22px 22px 22px&quot;,&quot;text_position&quot;:&quot;middle&quot;,&quot;text_align&quot;:&quot;left&quot;,&quot;text_animation&quot;:&quot;&quot;}\"\n\t\t>\n<div class=\"sow-image-container\">\n\t\t<img \n\tsrc=\"https:\/\/homesandminds.com\/wp-content\/uploads\/2023\/10\/Copy-of-materialboard_mod11-1-e1759005830492-205x300.jpg\" width=\"205\" height=\"300\" srcset=\"https:\/\/homesandminds.com\/wp-content\/uploads\/2023\/10\/Copy-of-materialboard_mod11-1-e1759005830492-205x300.jpg 205w, https:\/\/homesandminds.com\/wp-content\/uploads\/2023\/10\/Copy-of-materialboard_mod11-1-e1759005830492.jpg 588w\" sizes=\"(max-width: 205px) 100vw, 205px\" title=\"me\" alt=\"\" \t\tclass=\"so-widget-image\"\/>\n\t<\/div>\n\n<\/div><\/div><\/div><\/div><div id=\"pg-gb85-69e3885835b74-3\"  class=\"panel-grid panel-no-style\" ><div id=\"pgc-gb85-69e3885835b74-3-0\"  class=\"panel-grid-cell\" ><div id=\"panel-gb85-69e3885835b74-3-0-0\" class=\"so-panel widget widget_sow-image panel-first-child panel-last-child\" data-index=\"5\" ><div\n\t\t\t\n\t\t\tclass=\"so-widget-sow-image so-widget-sow-image-default-8b5b6f678277-85\"\n\t\t\t data-overlay-enabled=\"1\" data-overlay-settings=\"{&quot;enabled_for_widgets&quot;:[&quot;sow-image&quot;,&quot;sow-image-grid&quot;,&quot;sow-simple-masonry&quot;],&quot;theme&quot;:&quot;&quot;,&quot;show_delay&quot;:300,&quot;overlay_color&quot;:&quot;#000000&quot;,&quot;overlay_opacity&quot;:0.8,&quot;overlay_position&quot;:&quot;bottom&quot;,&quot;overlay_size&quot;:0.3,&quot;desktop_show_trigger&quot;:&quot;hover&quot;,&quot;touch_show_trigger&quot;:&quot;touch&quot;,&quot;responsive_breakpoint&quot;:&quot;1024px&quot;,&quot;responsive_breakpoint_unit&quot;:&quot;px&quot;,&quot;overlay_animation&quot;:&quot;fade&quot;,&quot;overlay_animation_onscreen&quot;:false,&quot;font_family&quot;:&quot;&quot;,&quot;text_size&quot;:&quot;15px&quot;,&quot;text_size_unit&quot;:&quot;px&quot;,&quot;text_color&quot;:&quot;#fff&quot;,&quot;text_padding&quot;:&quot;22px 22px 22px 22px&quot;,&quot;text_position&quot;:&quot;middle&quot;,&quot;text_align&quot;:&quot;left&quot;,&quot;text_animation&quot;:&quot;&quot;}\"\n\t\t>\n<div class=\"sow-image-container\">\n\t\t<img \n\tsrc=\"https:\/\/homesandminds.com\/wp-content\/uploads\/2022\/09\/20220712_173214-2-scaled.jpg\" width=\"1920\" height=\"2560\" srcset=\"https:\/\/homesandminds.com\/wp-content\/uploads\/2022\/09\/20220712_173214-2-scaled.jpg 1920w, https:\/\/homesandminds.com\/wp-content\/uploads\/2022\/09\/20220712_173214-2-225x300.jpg 225w, https:\/\/homesandminds.com\/wp-content\/uploads\/2022\/09\/20220712_173214-2-768x1024.jpg 768w, https:\/\/homesandminds.com\/wp-content\/uploads\/2022\/09\/20220712_173214-2-1152x1536.jpg 1152w, https:\/\/homesandminds.com\/wp-content\/uploads\/2022\/09\/20220712_173214-2-1536x2048.jpg 1536w\" sizes=\"(max-width: 1920px) 100vw, 1920px\" title=\"Ginger\" alt=\"\" \t\tclass=\"so-widget-image\"\/>\n\t<\/div>\n\n<h3 class=\"widget-title\">Ginger<\/h3><\/div><\/div><\/div><div id=\"pgc-gb85-69e3885835b74-3-1\"  class=\"panel-grid-cell\" ><div id=\"panel-gb85-69e3885835b74-3-1-0\" class=\"so-panel widget widget_sow-editor panel-first-child panel-last-child\" data-index=\"6\" ><div\n\t\t\t\n\t\t\tclass=\"so-widget-sow-editor so-widget-sow-editor-base\"\n\t\t\t\n\t\t>\n<div class=\"siteorigin-widget-tinymce textwidget\">\n\t<hr \/>\n<p class=\"cvGsUA direction-ltr align-start para-style-body\"><span class=\"a_GcMg font-feature-liga-off font-feature-clig-off font-feature-calt-off text-decoration-none text-strikethrough-none\">Seit ich denken kann, war mein Leben schon immer von Kreativit\u00e4t in verschiedenen Formen gepr\u00e4gt \u2013 sei es Stricken, Kochen, T\u00f6pfern, Weben, Holzarbeiten&#8230;oder auch meine K\u00fcche selber zu mauern&#8230;.. Nichts hat mir mehr Freude bereitet, als R\u00e4ume zu dekorieren und umzugestalten.<\/span><\/p>\n<p class=\"cvGsUA direction-ltr align-start para-style-body\"><span class=\"a_GcMg font-feature-liga-off font-feature-clig-off font-feature-calt-off text-decoration-none text-strikethrough-none\">Nach (ungef\u00e4hr) 13 Umz\u00fcgen innerhalb Europas und der Renovierung von zwei H\u00e4usern, zusammen mit meinen vier wunderbaren Kindern, mit Hund und K\u00e4tzchen&#8230;..mache ich endlich das, was mir in die Wiege gelegt wurde !<\/span><\/p>\n<\/div>\n<\/div><\/div><\/div><\/div><\/div>","protected":false},"excerpt":{"rendered":"<p>Mein Name ist Sandi Rogler, W\u00e4hrend meiner 26-j\u00e4hrigen Selbst\u00e4ndigkeit als Bekleidungstechnikerin, Schnittmacherin und Textil-Designerin habe ich viel gesehen, viel erlebt und vor allem internationale und multikulturelle Erfahrungen machen d\u00fcrfen. Als freiberufliche Dozentin f\u00fcr Textildesign und Trainerin f\u00fcr therapeutisches Handarbeiten entdeckte ich mein Interesse an der Verbindung zwischen Umwelt und psychischem Wohlbefinden. Ich erkannte die positive [&hellip;]<\/p>\n","protected":false},"author":1,"featured_media":0,"parent":0,"menu_order":0,"comment_status":"closed","ping_status":"closed","template":"","meta":{"jetpack_post_was_ever_published":false,"footnotes":""},"class_list":["post-85","page","type-page","status-publish","hentry","post"],"translation":{"provider":"WPGlobus","version":"3.0.2","language":"gb","enabled_languages":["de","gb"],"languages":{"de":{"title":false,"content":true,"excerpt":false},"gb":{"title":false,"content":false,"excerpt":false}}},"featured_image_src":null,"yoast_head":"<!-- This site is optimized with the Yoast SEO plugin v26.6 - https:\/\/yoast.com\/wordpress\/plugins\/seo\/ -->\n<title>- HOMES &amp; MINDS<\/title>\n<meta name=\"robots\" content=\"index, follow, max-snippet:-1, max-image-preview:large, max-video-preview:-1\" \/>\n<link rel=\"canonical\" href=\"https:\/\/homesandminds.com\/about-me\/\" \/>\n<meta property=\"og:locale\" content=\"en_GB\" \/>\n<meta property=\"og:type\" content=\"article\" \/>\n<meta property=\"og:title\" content=\"- HOMES &amp; MINDS\" \/>\n<meta property=\"og:url\" content=\"https:\/\/homesandminds.com\/about-me\/\" \/>\n<meta property=\"og:site_name\" content=\"HOMES &amp; MINDS\" \/>\n<meta property=\"article:modified_time\" content=\"2025-09-27T20:49:40+00:00\" \/>\n<meta name=\"twitter:card\" content=\"summary_large_image\" \/>\n<meta name=\"twitter:label1\" content=\"Estimated reading time\" \/>\n\t<meta name=\"twitter:data1\" content=\"3 minutes\" \/>\n<script type=\"application\/ld+json\" class=\"yoast-schema-graph\">{\"@context\":\"https:\/\/schema.org\",\"@graph\":[{\"@type\":\"WebPage\",\"@id\":\"https:\/\/homesandminds.com\/about-me\/\",\"url\":\"https:\/\/homesandminds.com\/about-me\/\",\"name\":\"- HOMES &amp; MINDS\",\"isPartOf\":{\"@id\":\"https:\/\/homesandminds.com\/#website\"},\"datePublished\":\"2022-06-07T19:16:06+00:00\",\"dateModified\":\"2025-09-27T20:49:40+00:00\",\"inLanguage\":\"en-GB\",\"potentialAction\":[{\"@type\":\"ReadAction\",\"target\":[\"https:\/\/homesandminds.com\/about-me\/\"]}]},{\"@type\":\"WebSite\",\"@id\":\"https:\/\/homesandminds.com\/#website\",\"url\":\"https:\/\/homesandminds.com\/\",\"name\":\"{:de}HOMES & MINDS{:}{:en}HOMES & MINDS{:}\",\"description\":\"Wellbeing Counselling | Mentoring | Design\",\"publisher\":{\"@id\":\"https:\/\/homesandminds.com\/#organization\"},\"potentialAction\":[{\"@type\":\"SearchAction\",\"target\":{\"@type\":\"EntryPoint\",\"urlTemplate\":\"https:\/\/homesandminds.com\/?s={search_term_string}\"},\"query-input\":{\"@type\":\"PropertyValueSpecification\",\"valueRequired\":true,\"valueName\":\"search_term_string\"}}],\"inLanguage\":\"en-GB\"},{\"@type\":\"Organization\",\"@id\":\"https:\/\/homesandminds.com\/#organization\",\"name\":\"{:de}HOMES & MINDS{:}{:en}HOMES & MINDS{:}\",\"url\":\"https:\/\/homesandminds.com\/\",\"logo\":{\"@type\":\"ImageObject\",\"inLanguage\":\"en-GB\",\"@id\":\"https:\/\/homesandminds.com\/#\/schema\/logo\/image\/\",\"url\":\"https:\/\/homesandminds.com\/wp-content\/uploads\/2025\/06\/cropped-Copy-of-LOGO-HomesMinds-1-e1750847027604.png\",\"contentUrl\":\"https:\/\/homesandminds.com\/wp-content\/uploads\/2025\/06\/cropped-Copy-of-LOGO-HomesMinds-1-e1750847027604.png\",\"width\":350,\"height\":140,\"caption\":\"{:de}HOMES & MINDS{:}{:en}HOMES & MINDS{:}\"},\"image\":{\"@id\":\"https:\/\/homesandminds.com\/#\/schema\/logo\/image\/\"},\"sameAs\":[\"https:\/\/www.instagram.com\/homes.and.minds\/\"]}]}<\/script>\n<!-- \/ Yoast SEO plugin. -->","yoast_head_json":{"title":"- HOMES &amp; MINDS","robots":{"index":"index","follow":"follow","max-snippet":"max-snippet:-1","max-image-preview":"max-image-preview:large","max-video-preview":"max-video-preview:-1"},"canonical":"https:\/\/homesandminds.com\/about-me\/","og_locale":"en_GB","og_type":"article","og_title":"- HOMES &amp; MINDS","og_url":"https:\/\/homesandminds.com\/about-me\/","og_site_name":"HOMES &amp; MINDS","article_modified_time":"2025-09-27T20:49:40+00:00","twitter_card":"summary_large_image","twitter_misc":{"Estimated reading time":"3 minutes"},"schema":{"@context":"https:\/\/schema.org","@graph":[{"@type":"WebPage","@id":"https:\/\/homesandminds.com\/about-me\/","url":"https:\/\/homesandminds.com\/about-me\/","name":"- HOMES &amp; MINDS","isPartOf":{"@id":"https:\/\/homesandminds.com\/#website"},"datePublished":"2022-06-07T19:16:06+00:00","dateModified":"2025-09-27T20:49:40+00:00","inLanguage":"en-GB","potentialAction":[{"@type":"ReadAction","target":["https:\/\/homesandminds.com\/about-me\/"]}]},{"@type":"WebSite","@id":"https:\/\/homesandminds.com\/#website","url":"https:\/\/homesandminds.com\/","name":"{:de}HOMES & MINDS{:}{:en}HOMES & MINDS{:}","description":"Wellbeing Counselling | Mentoring | Design","publisher":{"@id":"https:\/\/homesandminds.com\/#organization"},"potentialAction":[{"@type":"SearchAction","target":{"@type":"EntryPoint","urlTemplate":"https:\/\/homesandminds.com\/?s={search_term_string}"},"query-input":{"@type":"PropertyValueSpecification","valueRequired":true,"valueName":"search_term_string"}}],"inLanguage":"en-GB"},{"@type":"Organization","@id":"https:\/\/homesandminds.com\/#organization","name":"{:de}HOMES & MINDS{:}{:en}HOMES & MINDS{:}","url":"https:\/\/homesandminds.com\/","logo":{"@type":"ImageObject","inLanguage":"en-GB","@id":"https:\/\/homesandminds.com\/#\/schema\/logo\/image\/","url":"https:\/\/homesandminds.com\/wp-content\/uploads\/2025\/06\/cropped-Copy-of-LOGO-HomesMinds-1-e1750847027604.png","contentUrl":"https:\/\/homesandminds.com\/wp-content\/uploads\/2025\/06\/cropped-Copy-of-LOGO-HomesMinds-1-e1750847027604.png","width":350,"height":140,"caption":"{:de}HOMES & MINDS{:}{:en}HOMES & MINDS{:}"},"image":{"@id":"https:\/\/homesandminds.com\/#\/schema\/logo\/image\/"},"sameAs":["https:\/\/www.instagram.com\/homes.and.minds\/"]}]}},"jetpack_sharing_enabled":true,"_links":{"self":[{"href":"https:\/\/homesandminds.com\/gb\/wp-json\/wp\/v2\/pages\/85","targetHints":{"allow":["GET"]}}],"collection":[{"href":"https:\/\/homesandminds.com\/gb\/wp-json\/wp\/v2\/pages"}],"about":[{"href":"https:\/\/homesandminds.com\/gb\/wp-json\/wp\/v2\/types\/page"}],"author":[{"embeddable":true,"href":"https:\/\/homesandminds.com\/gb\/wp-json\/wp\/v2\/users\/1"}],"replies":[{"embeddable":true,"href":"https:\/\/homesandminds.com\/gb\/wp-json\/wp\/v2\/comments?post=85"}],"version-history":[{"count":55,"href":"https:\/\/homesandminds.com\/gb\/wp-json\/wp\/v2\/pages\/85\/revisions"}],"predecessor-version":[{"id":3959,"href":"https:\/\/homesandminds.com\/gb\/wp-json\/wp\/v2\/pages\/85\/revisions\/3959"}],"wp:attachment":[{"href":"https:\/\/homesandminds.com\/gb\/wp-json\/wp\/v2\/media?parent=85"}],"curies":[{"name":"wp","href":"https:\/\/api.w.org\/{rel}","templated":true}]}}