{"id":413,"date":"2022-08-31T17:01:24","date_gmt":"2022-08-31T15:01:24","guid":{"rendered":"http:\/\/homesandminds.com\/?page_id=413"},"modified":"2025-12-20T09:40:10","modified_gmt":"2025-12-20T08:40:10","slug":"contact","status":"publish","type":"page","link":"https:\/\/homesandminds.com\/gb\/contact\/","title":{"rendered":"KONTAKT &amp; TERMINE"},"content":{"rendered":"<div id=\"pl-gb413-69e39b4f82554\"  class=\"panel-layout wp-block-siteorigin-panels-layout-block\" ><div id=\"pg-gb413-69e39b4f82554-0\"  class=\"panel-grid panel-no-style\" ><div id=\"pgc-gb413-69e39b4f82554-0-0\"  class=\"panel-grid-cell\" ><div id=\"panel-gb413-69e39b4f82554-0-0-0\" class=\"so-panel widget widget_wpforms-widget wpforms-widget panel-first-child panel-last-child\" data-index=\"0\" ><div class=\"wpforms-container wpforms-container-full wpforms-render-modern\" id=\"wpforms-592\"><form id=\"wpforms-form-592\" class=\"wpforms-validate wpforms-form wpforms-ajax-form\" data-formid=\"592\" method=\"post\" enctype=\"multipart\/form-data\" action=\"\/gb\/wp-json\/wp\/v2\/pages\/413\" data-token=\"bcfb6309c4ec88181f0b38edd399d94e\" data-token-time=\"1776524111\"><noscript class=\"wpforms-error-noscript\">Please enable JavaScript in your browser to complete this form.<\/noscript><div id=\"wpforms-error-noscript\" style=\"display: none;\">Please enable JavaScript in your browser to complete this form.<\/div><div class=\"wpforms-field-container\"><div id=\"wpforms-592-field_4-container\" class=\"wpforms-field wpforms-field-checkbox wpforms-list-inline\" data-field-id=\"4\"><fieldset><legend class=\"wpforms-field-label\">Client <span class=\"wpforms-required-label\" aria-hidden=\"true\">*<\/span><\/legend><ul id=\"wpforms-592-field_4\" class=\"wpforms-field-required\"><li class=\"choice-1 depth-1\"><input type=\"checkbox\" id=\"wpforms-592-field_4_1\" name=\"wpforms[fields][4][]\" value=\"Mr\" aria-errormessage=\"wpforms-592-field_4_1-error\" required ><label class=\"wpforms-field-label-inline\" for=\"wpforms-592-field_4_1\">Mr<\/label><\/li><li class=\"choice-2 depth-1\"><input type=\"checkbox\" id=\"wpforms-592-field_4_2\" name=\"wpforms[fields][4][]\" value=\"Ms\" aria-errormessage=\"wpforms-592-field_4_2-error\" required ><label class=\"wpforms-field-label-inline\" for=\"wpforms-592-field_4_2\">Ms<\/label><\/li><\/ul><\/fieldset><\/div><div id=\"wpforms-592-field_0-container\" class=\"wpforms-field wpforms-field-name\" data-field-id=\"0\"><fieldset><legend class=\"wpforms-field-label\">Name <span class=\"wpforms-required-label\" aria-hidden=\"true\">*<\/span><\/legend><div class=\"wpforms-field-row wpforms-field-large\"><div class=\"wpforms-field-row-block wpforms-first wpforms-one-half\"><input type=\"text\" id=\"wpforms-592-field_0\" class=\"wpforms-field-name-first wpforms-field-required\" name=\"wpforms[fields][0][first]\" aria-errormessage=\"wpforms-592-field_0-error\" required><label for=\"wpforms-592-field_0\" class=\"wpforms-field-sublabel after\">First<\/label><\/div><div class=\"wpforms-field-row-block wpforms-one-half\"><input type=\"text\" id=\"wpforms-592-field_0-last\" class=\"wpforms-field-name-last wpforms-field-required\" name=\"wpforms[fields][0][last]\" aria-errormessage=\"wpforms-592-field_0-last-error\" required><label for=\"wpforms-592-field_0-last\" class=\"wpforms-field-sublabel after\">Last<\/label><\/div><\/div><\/fieldset><\/div><div id=\"wpforms-592-field_1-container\" class=\"wpforms-field wpforms-field-email\" data-field-id=\"1\"><fieldset><legend class=\"wpforms-field-label\">E-Mail <span class=\"wpforms-required-label\" aria-hidden=\"true\">*<\/span><\/legend><div class=\"wpforms-field-row wpforms-field-large\"><div class=\"wpforms-field-row-block wpforms-one-half wpforms-first\"><input type=\"email\" id=\"wpforms-592-field_1\" class=\"wpforms-field-required wpforms-field-email-primary\" name=\"wpforms[fields][1][primary]\" spellcheck=\"false\" aria-errormessage=\"wpforms-592-field_1-error\" required><label for=\"wpforms-592-field_1\" class=\"wpforms-field-sublabel after\">Email<\/label><\/div><div class=\"wpforms-field-row-block wpforms-one-half\"><input type=\"email\" id=\"wpforms-592-field_1-secondary\" class=\"wpforms-field-email-secondary wpforms-field-required\" data-rule-confirm=\"#wpforms-592-field_1\" name=\"wpforms[fields][1][secondary]\" spellcheck=\"false\" aria-errormessage=\"wpforms-592-field_1-secondary-error\" required><label for=\"wpforms-592-field_1-secondary\" class=\"wpforms-field-sublabel after\">Confirm Email<\/label><\/div><\/div><\/fieldset><\/div>\t\t<div id=\"wpforms-592-field_5-container\"\n\t\t\tclass=\"wpforms-field wpforms-field-text\"\n\t\t\tdata-field-type=\"text\"\n\t\t\tdata-field-id=\"5\"\n\t\t\t>\n\t\t\t<label class=\"wpforms-field-label\" for=\"wpforms-592-field_5\" >Minuten, Deine Phone<\/label>\n\t\t\t<input type=\"text\" id=\"wpforms-592-field_5\" class=\"wpforms-field-medium\" name=\"wpforms[fields][5]\" >\n\t\t<\/div>\n\t\t<div id=\"wpforms-592-field_3-container\" class=\"wpforms-field wpforms-field-number\" data-field-id=\"3\"><label class=\"wpforms-field-label\" for=\"wpforms-592-field_3\">Phone <span class=\"wpforms-required-label\" aria-hidden=\"true\">*<\/span><\/label><input type=\"number\" id=\"wpforms-592-field_3\" class=\"wpforms-field-medium wpforms-field-required\" name=\"wpforms[fields][3]\" placeholder=\"Bitte gib Deine Telefonnummer mit L\u00e4ndervorwahl an\" step=\"any\" aria-errormessage=\"wpforms-592-field_3-error\" required><\/div><div id=\"wpforms-592-field_9-container\" class=\"wpforms-field wpforms-field-checkbox\" data-field-id=\"9\"><fieldset><legend class=\"wpforms-field-label\">Buche deinen DISCOVERY CALL ( kostenfrei, 15 Minuten, bevorzugtes Zeitfenster ) <span class=\"wpforms-required-label\" aria-hidden=\"true\">*<\/span><\/legend><ul id=\"wpforms-592-field_9\" class=\"wpforms-field-required\"><li class=\"choice-1 depth-1\"><input type=\"checkbox\" id=\"wpforms-592-field_9_1\" name=\"wpforms[fields][9][]\" value=\"Donnerstag 16 - 19 Uhr\" aria-errormessage=\"wpforms-592-field_9_1-error\" required ><label class=\"wpforms-field-label-inline\" for=\"wpforms-592-field_9_1\">Donnerstag 16 &#8211; 19 Uhr<\/label><\/li><li class=\"choice-2 depth-1\"><input type=\"checkbox\" id=\"wpforms-592-field_9_2\" name=\"wpforms[fields][9][]\" value=\"Freitag 16 - 19 Uhr\" aria-errormessage=\"wpforms-592-field_9_2-error\" required ><label class=\"wpforms-field-label-inline\" for=\"wpforms-592-field_9_2\">Freitag 16 &#8211; 19 Uhr<\/label><\/li><li class=\"choice-3 depth-1\"><input type=\"checkbox\" id=\"wpforms-592-field_9_3\" name=\"wpforms[fields][9][]\" value=\"Samstag 8 - 10 Uhr\" aria-errormessage=\"wpforms-592-field_9_3-error\" required ><label class=\"wpforms-field-label-inline\" for=\"wpforms-592-field_9_3\">Samstag 8 &#8211; 10 Uhr<\/label><\/li><li class=\"choice-4 depth-1\"><input type=\"checkbox\" id=\"wpforms-592-field_9_4\" name=\"wpforms[fields][9][]\" value=\"kein DiscoveryCall \/ f\u00fcr Bestandsklienten\" aria-errormessage=\"wpforms-592-field_9_4-error\" required ><label class=\"wpforms-field-label-inline\" for=\"wpforms-592-field_9_4\">kein DiscoveryCall \/ f\u00fcr Bestandsklienten<\/label><\/li><\/ul><\/fieldset><\/div><div id=\"wpforms-592-field_13-container\" class=\"wpforms-field wpforms-field-text\" data-field-id=\"13\"><label class=\"wpforms-field-label\" for=\"wpforms-592-field_13\">Deine Klienten ID (f\u00fcr Bestandsklienten ohne DiscoveryCall)<\/label><input type=\"text\" id=\"wpforms-592-field_13\" class=\"wpforms-field-medium\" name=\"wpforms[fields][13]\" aria-errormessage=\"wpforms-592-field_13-error\" ><\/div><div id=\"wpforms-592-field_8-container\" class=\"wpforms-field wpforms-field-checkbox\" data-field-id=\"8\"><fieldset><legend class=\"wpforms-field-label\">Deine gew\u00fcnschte Beratung <span class=\"wpforms-required-label\" aria-hidden=\"true\">*<\/span><\/legend><ul id=\"wpforms-592-field_8\" class=\"wpforms-field-required\"><li class=\"choice-1 depth-1\"><input type=\"checkbox\" id=\"wpforms-592-field_8_1\" name=\"wpforms[fields][8][]\" value=\"Wellbeing at Home Counselling\" aria-errormessage=\"wpforms-592-field_8_1-error\" required ><label class=\"wpforms-field-label-inline\" for=\"wpforms-592-field_8_1\">Wellbeing at Home Counselling<\/label><\/li><li class=\"choice-3 depth-1\"><input type=\"checkbox\" id=\"wpforms-592-field_8_3\" name=\"wpforms[fields][8][]\" value=\"Heimweh &amp; Relocation\" aria-errormessage=\"wpforms-592-field_8_3-error\" required ><label class=\"wpforms-field-label-inline\" for=\"wpforms-592-field_8_3\">Heimweh &amp; Relocation<\/label><\/li><li class=\"choice-2 depth-1\"><input type=\"checkbox\" id=\"wpforms-592-field_8_2\" name=\"wpforms[fields][8][]\" value=\"The Homescan | Wohnpsychologische Beratung\" aria-errormessage=\"wpforms-592-field_8_2-error\" required ><label class=\"wpforms-field-label-inline\" for=\"wpforms-592-field_8_2\">The Homescan | Wohnpsychologische Beratung<\/label><\/li><li class=\"choice-6 depth-1\"><input type=\"checkbox\" id=\"wpforms-592-field_8_6\" name=\"wpforms[fields][8][]\" value=\"HOMES &amp; MINDS Signature Package\" aria-errormessage=\"wpforms-592-field_8_6-error\" required ><label class=\"wpforms-field-label-inline\" for=\"wpforms-592-field_8_6\">HOMES &amp; MINDS Signature Package<\/label><\/li><li class=\"choice-7 depth-1\"><input type=\"checkbox\" id=\"wpforms-592-field_8_7\" name=\"wpforms[fields][8][]\" value=\"HOMES &amp; MINDS Mentoring\" aria-errormessage=\"wpforms-592-field_8_7-error\" required ><label class=\"wpforms-field-label-inline\" for=\"wpforms-592-field_8_7\">HOMES &amp; MINDS Mentoring<\/label><\/li><li class=\"choice-4 depth-1\"><input type=\"checkbox\" id=\"wpforms-592-field_8_4\" name=\"wpforms[fields][8][]\" value=\"Sonstiges\" aria-errormessage=\"wpforms-592-field_8_4-error\" required ><label class=\"wpforms-field-label-inline\" for=\"wpforms-592-field_8_4\">Sonstiges<\/label><\/li><\/ul><\/fieldset><\/div><div id=\"wpforms-592-field_2-container\" class=\"wpforms-field wpforms-field-textarea\" data-field-id=\"2\"><label class=\"wpforms-field-label\" for=\"wpforms-592-field_2\">Deine Nachricht<\/label><textarea id=\"wpforms-592-field_2\" class=\"wpforms-field-medium\" name=\"wpforms[fields][2]\" aria-errormessage=\"wpforms-592-field_2-error\" aria-describedby=\"wpforms-592-field_2-description\" ><\/textarea><div id=\"wpforms-592-field_2-description\" class=\"wpforms-field-description\">Schreib mir gerne paar Infos \u00fcber Dich und wobei Du Dir derzeit Unterst\u00fctzung w\u00fcnschst.\n<p>\nNach dem Absenden melde ich mich innerhalb von 1\u20132 Werktagen bei dir per E-Mail und best\u00e4tige deinen Terminwunsch oder schlage Alternativen vor. \n<\/p><p>Danach erh\u00e4ltst du alle weiteren Infos und ggf. einen Buchungslink f\u00fcr dein gew\u00fcnschtes Angebot.<\/p><\/div><\/div><div id=\"wpforms-592-field_6-container\" class=\"wpforms-field wpforms-field-gdpr-checkbox\" data-field-id=\"6\"><label class=\"wpforms-field-label\">DSGVO-Einverst\u00e4ndnis <span class=\"wpforms-required-label\" aria-hidden=\"true\">*<\/span><\/label><ul id=\"wpforms-592-field_6\" class=\"wpforms-field-required\"><li class=\"choice-1\"><input type=\"checkbox\" id=\"wpforms-592-field_6_1\" name=\"wpforms[fields][6][]\" value=\"Ich willige ein, dass diese Website meine \u00fcbermittelten Informationen speichert, sodass meine Anfrage beantwortet werden kann.\" aria-errormessage=\"wpforms-592-field_6_1-error\" required ><label class=\"wpforms-field-label-inline\" for=\"wpforms-592-field_6_1\">Ich willige ein, dass diese Website meine \u00fcbermittelten Informationen speichert, sodass meine Anfrage beantwortet werden kann.<\/label><\/li><\/ul><\/div><script>\n\t\t\t\t( function() {\n\t\t\t\t\tconst style = document.createElement( 'style' );\n\t\t\t\t\tstyle.appendChild( document.createTextNode( '#wpforms-592-field_5-container { position: absolute !important; overflow: hidden !important; display: inline !important; height: 1px !important; width: 1px !important; z-index: -1000 !important; padding: 0 !important; } #wpforms-592-field_5-container input { visibility: hidden; } #wpforms-conversational-form-page #wpforms-592-field_5-container label { counter-increment: none; }' ) );\n\t\t\t\t\tdocument.head.appendChild( style );\n\t\t\t\t\tdocument.currentScript?.remove();\n\t\t\t\t} )();\n\t\t\t<\/script><\/div><!-- .wpforms-field-container --><div class=\"wpforms-recaptcha-container wpforms-is-recaptcha wpforms-is-recaptcha-type-invisible\" ><div class=\"g-recaptcha\" data-sitekey=\"6LfExMEhAAAAAHrTQR7h0AMIWgFI6FkJxyZq-t42\" data-size=\"invisible\"><\/div><\/div><div class=\"wpforms-submit-container\" ><input type=\"hidden\" name=\"wpforms[id]\" value=\"592\"><input type=\"hidden\" name=\"page_title\" value=\"\"><input type=\"hidden\" name=\"page_url\" value=\"https:\/\/homesandminds.com\/gb\/wp-json\/wp\/v2\/pages\/413\"><input type=\"hidden\" name=\"url_referer\" value=\"\"><button type=\"submit\" name=\"wpforms[submit]\" id=\"wpforms-submit-592\" class=\"wpforms-submit\" data-alt-text=\"Senden\u2026\" data-submit-text=\"Absenden\" aria-live=\"assertive\" value=\"wpforms-submit\">Absenden<\/button><img loading=\"lazy\" decoding=\"async\" src=\"https:\/\/homesandminds.com\/wp-content\/plugins\/wpforms-lite\/assets\/images\/submit-spin.svg\" class=\"wpforms-submit-spinner\" style=\"display: none;\" width=\"26\" height=\"26\" alt=\"Loading\"><\/div><\/form><\/div>  <!-- .wpforms-container --><\/div><\/div><\/div><\/div>","protected":false},"excerpt":{"rendered":"","protected":false},"author":1,"featured_media":0,"parent":0,"menu_order":0,"comment_status":"closed","ping_status":"closed","template":"","meta":{"jetpack_post_was_ever_published":false,"footnotes":""},"class_list":["post-413","page","type-page","status-publish","hentry","post"],"translation":{"provider":"WPGlobus","version":"3.0.2","language":"gb","enabled_languages":["de","gb"],"languages":{"de":{"title":true,"content":true,"excerpt":false},"gb":{"title":false,"content":false,"excerpt":false}}},"featured_image_src":null,"yoast_head":"<!-- This site is optimized with the Yoast SEO plugin v26.6 - https:\/\/yoast.com\/wordpress\/plugins\/seo\/ -->\n<title>KONTAKT &amp; TERMINE - HOMES &amp; MINDS<\/title>\n<meta name=\"robots\" content=\"index, follow, max-snippet:-1, max-image-preview:large, max-video-preview:-1\" \/>\n<link rel=\"canonical\" href=\"https:\/\/homesandminds.com\/contact\/\" \/>\n<meta property=\"og:locale\" content=\"en_GB\" \/>\n<meta property=\"og:type\" content=\"article\" \/>\n<meta property=\"og:title\" content=\"KONTAKT &amp; TERMINE - HOMES &amp; MINDS\" \/>\n<meta property=\"og:url\" content=\"https:\/\/homesandminds.com\/contact\/\" \/>\n<meta property=\"og:site_name\" content=\"HOMES &amp; MINDS\" \/>\n<meta property=\"article:modified_time\" content=\"2025-12-20T08:40:10+00:00\" \/>\n<meta name=\"twitter:card\" content=\"summary_large_image\" \/>\n<meta name=\"twitter:label1\" content=\"Estimated reading time\" \/>\n\t<meta name=\"twitter:data1\" content=\"2 minutes\" \/>\n<script type=\"application\/ld+json\" class=\"yoast-schema-graph\">{\"@context\":\"https:\/\/schema.org\",\"@graph\":[{\"@type\":\"WebPage\",\"@id\":\"https:\/\/homesandminds.com\/contact\/\",\"url\":\"https:\/\/homesandminds.com\/contact\/\",\"name\":\"KONTAKT &amp; TERMINE - HOMES &amp; MINDS\",\"isPartOf\":{\"@id\":\"https:\/\/homesandminds.com\/#website\"},\"datePublished\":\"2022-08-31T15:01:24+00:00\",\"dateModified\":\"2025-12-20T08:40:10+00:00\",\"breadcrumb\":{\"@id\":\"https:\/\/homesandminds.com\/contact\/#breadcrumb\"},\"inLanguage\":\"en-GB\",\"potentialAction\":[{\"@type\":\"ReadAction\",\"target\":[\"https:\/\/homesandminds.com\/contact\/\"]}]},{\"@type\":\"BreadcrumbList\",\"@id\":\"https:\/\/homesandminds.com\/contact\/#breadcrumb\",\"itemListElement\":[{\"@type\":\"ListItem\",\"position\":1,\"name\":\"Startseite\",\"item\":\"https:\/\/homesandminds.com\/\"},{\"@type\":\"ListItem\",\"position\":2,\"name\":\"KONTAKT &amp; TERMINE\"}]},{\"@type\":\"WebSite\",\"@id\":\"https:\/\/homesandminds.com\/#website\",\"url\":\"https:\/\/homesandminds.com\/\",\"name\":\"{:de}HOMES & MINDS{:}{:en}HOMES & MINDS{:}\",\"description\":\"Wellbeing Counselling | Mentoring | Design\",\"publisher\":{\"@id\":\"https:\/\/homesandminds.com\/#organization\"},\"potentialAction\":[{\"@type\":\"SearchAction\",\"target\":{\"@type\":\"EntryPoint\",\"urlTemplate\":\"https:\/\/homesandminds.com\/?s={search_term_string}\"},\"query-input\":{\"@type\":\"PropertyValueSpecification\",\"valueRequired\":true,\"valueName\":\"search_term_string\"}}],\"inLanguage\":\"en-GB\"},{\"@type\":\"Organization\",\"@id\":\"https:\/\/homesandminds.com\/#organization\",\"name\":\"{:de}HOMES & MINDS{:}{:en}HOMES & MINDS{:}\",\"url\":\"https:\/\/homesandminds.com\/\",\"logo\":{\"@type\":\"ImageObject\",\"inLanguage\":\"en-GB\",\"@id\":\"https:\/\/homesandminds.com\/#\/schema\/logo\/image\/\",\"url\":\"https:\/\/homesandminds.com\/wp-content\/uploads\/2025\/06\/cropped-Copy-of-LOGO-HomesMinds-1-e1750847027604.png\",\"contentUrl\":\"https:\/\/homesandminds.com\/wp-content\/uploads\/2025\/06\/cropped-Copy-of-LOGO-HomesMinds-1-e1750847027604.png\",\"width\":350,\"height\":140,\"caption\":\"{:de}HOMES & MINDS{:}{:en}HOMES & MINDS{:}\"},\"image\":{\"@id\":\"https:\/\/homesandminds.com\/#\/schema\/logo\/image\/\"},\"sameAs\":[\"https:\/\/www.instagram.com\/homes.and.minds\/\"]}]}<\/script>\n<!-- \/ Yoast SEO plugin. -->","yoast_head_json":{"title":"KONTAKT &amp; TERMINE - HOMES &amp; MINDS","robots":{"index":"index","follow":"follow","max-snippet":"max-snippet:-1","max-image-preview":"max-image-preview:large","max-video-preview":"max-video-preview:-1"},"canonical":"https:\/\/homesandminds.com\/contact\/","og_locale":"en_GB","og_type":"article","og_title":"KONTAKT &amp; TERMINE - HOMES &amp; MINDS","og_url":"https:\/\/homesandminds.com\/contact\/","og_site_name":"HOMES &amp; MINDS","article_modified_time":"2025-12-20T08:40:10+00:00","twitter_card":"summary_large_image","twitter_misc":{"Estimated reading time":"2 minutes"},"schema":{"@context":"https:\/\/schema.org","@graph":[{"@type":"WebPage","@id":"https:\/\/homesandminds.com\/contact\/","url":"https:\/\/homesandminds.com\/contact\/","name":"KONTAKT &amp; TERMINE - HOMES &amp; MINDS","isPartOf":{"@id":"https:\/\/homesandminds.com\/#website"},"datePublished":"2022-08-31T15:01:24+00:00","dateModified":"2025-12-20T08:40:10+00:00","breadcrumb":{"@id":"https:\/\/homesandminds.com\/contact\/#breadcrumb"},"inLanguage":"en-GB","potentialAction":[{"@type":"ReadAction","target":["https:\/\/homesandminds.com\/contact\/"]}]},{"@type":"BreadcrumbList","@id":"https:\/\/homesandminds.com\/contact\/#breadcrumb","itemListElement":[{"@type":"ListItem","position":1,"name":"Startseite","item":"https:\/\/homesandminds.com\/"},{"@type":"ListItem","position":2,"name":"KONTAKT &amp; TERMINE"}]},{"@type":"WebSite","@id":"https:\/\/homesandminds.com\/#website","url":"https:\/\/homesandminds.com\/","name":"{:de}HOMES & MINDS{:}{:en}HOMES & MINDS{:}","description":"Wellbeing Counselling | Mentoring | Design","publisher":{"@id":"https:\/\/homesandminds.com\/#organization"},"potentialAction":[{"@type":"SearchAction","target":{"@type":"EntryPoint","urlTemplate":"https:\/\/homesandminds.com\/?s={search_term_string}"},"query-input":{"@type":"PropertyValueSpecification","valueRequired":true,"valueName":"search_term_string"}}],"inLanguage":"en-GB"},{"@type":"Organization","@id":"https:\/\/homesandminds.com\/#organization","name":"{:de}HOMES & MINDS{:}{:en}HOMES & MINDS{:}","url":"https:\/\/homesandminds.com\/","logo":{"@type":"ImageObject","inLanguage":"en-GB","@id":"https:\/\/homesandminds.com\/#\/schema\/logo\/image\/","url":"https:\/\/homesandminds.com\/wp-content\/uploads\/2025\/06\/cropped-Copy-of-LOGO-HomesMinds-1-e1750847027604.png","contentUrl":"https:\/\/homesandminds.com\/wp-content\/uploads\/2025\/06\/cropped-Copy-of-LOGO-HomesMinds-1-e1750847027604.png","width":350,"height":140,"caption":"{:de}HOMES & MINDS{:}{:en}HOMES & MINDS{:}"},"image":{"@id":"https:\/\/homesandminds.com\/#\/schema\/logo\/image\/"},"sameAs":["https:\/\/www.instagram.com\/homes.and.minds\/"]}]}},"jetpack_sharing_enabled":true,"_links":{"self":[{"href":"https:\/\/homesandminds.com\/gb\/wp-json\/wp\/v2\/pages\/413","targetHints":{"allow":["GET"]}}],"collection":[{"href":"https:\/\/homesandminds.com\/gb\/wp-json\/wp\/v2\/pages"}],"about":[{"href":"https:\/\/homesandminds.com\/gb\/wp-json\/wp\/v2\/types\/page"}],"author":[{"embeddable":true,"href":"https:\/\/homesandminds.com\/gb\/wp-json\/wp\/v2\/users\/1"}],"replies":[{"embeddable":true,"href":"https:\/\/homesandminds.com\/gb\/wp-json\/wp\/v2\/comments?post=413"}],"version-history":[{"count":47,"href":"https:\/\/homesandminds.com\/gb\/wp-json\/wp\/v2\/pages\/413\/revisions"}],"predecessor-version":[{"id":4342,"href":"https:\/\/homesandminds.com\/gb\/wp-json\/wp\/v2\/pages\/413\/revisions\/4342"}],"wp:attachment":[{"href":"https:\/\/homesandminds.com\/gb\/wp-json\/wp\/v2\/media?parent=413"}],"curies":[{"name":"wp","href":"https:\/\/api.w.org\/{rel}","templated":true}]}}